{"id":27,"date":"2017-12-05T18:41:22","date_gmt":"2017-12-05T17:41:22","guid":{"rendered":"http:\/\/xbgwowyzyy.cyon.link\/?page_id=27"},"modified":"2018-02-15T15:26:24","modified_gmt":"2018-02-15T14:26:24","slug":"home-fr","status":"publish","type":"page","link":"https:\/\/www.ximpulse.ch\/fr\/","title":{"rendered":"Home FR"},"content":{"rendered":"<h1>\nXimpulse\u00a0: Expertise et Impulsion<\/h1>\n<p><strong>Expertise<\/strong>\u00a0en organisation d\u2019Etat et partage du pouvoir, gouvernance, acc\u00e8s \u00e0 la justice, droits humains, m\u00e9diation et transformation de conflits<\/p>\n<p><strong>Impulsion<\/strong>\u00a0pour aider \u00e0\u00a0trouver l\u2019orientation \u00e0 prendre,\u00a0identifier des moyens d\u2019aller de l\u2019avant de mani\u00e8re pragmatique et accompagner les \u00e9tapes futures<\/p>\n<p>&nbsp;<\/p>\n<p>&nbsp;<\/p>\n<p>&nbsp;<\/p>\n<p>&nbsp;<\/p>\n<p>&nbsp;<\/p>\n","protected":false},"excerpt":{"rendered":"<p>Ximpulse\u00a0: Expertise et Impulsion Expertise\u00a0en organisation d\u2019Etat et partage du pouvoir, gouvernance, acc\u00e8s \u00e0 la justice, droits humains, m\u00e9diation et transformation de conflits Impulsion\u00a0pour aider \u00e0\u00a0trouver l\u2019orientation \u00e0 prendre,\u00a0identifier des moyens d\u2019aller de l\u2019avant de mani\u00e8re pragmatique et accompagner les \u00e9tapes futures &nbsp; &nbsp; &nbsp; &nbsp; &nbsp;<\/p>\n","protected":false},"author":1,"featured_media":244,"parent":0,"menu_order":0,"comment_status":"closed","ping_status":"open","template":"template-start.php","meta":{"_acf_changed":false,"footnotes":""},"acf":[],"_links":{"self":[{"href":"https:\/\/www.ximpulse.ch\/fr\/wp-json\/wp\/v2\/pages\/27"}],"collection":[{"href":"https:\/\/www.ximpulse.ch\/fr\/wp-json\/wp\/v2\/pages"}],"about":[{"href":"https:\/\/www.ximpulse.ch\/fr\/wp-json\/wp\/v2\/types\/page"}],"author":[{"embeddable":true,"href":"https:\/\/www.ximpulse.ch\/fr\/wp-json\/wp\/v2\/users\/1"}],"replies":[{"embeddable":true,"href":"https:\/\/www.ximpulse.ch\/fr\/wp-json\/wp\/v2\/comments?post=27"}],"version-history":[{"count":7,"href":"https:\/\/www.ximpulse.ch\/fr\/wp-json\/wp\/v2\/pages\/27\/revisions"}],"predecessor-version":[{"id":406,"href":"https:\/\/www.ximpulse.ch\/fr\/wp-json\/wp\/v2\/pages\/27\/revisions\/406"}],"wp:featuredmedia":[{"embeddable":true,"href":"https:\/\/www.ximpulse.ch\/fr\/wp-json\/wp\/v2\/media\/244"}],"wp:attachment":[{"href":"https:\/\/www.ximpulse.ch\/fr\/wp-json\/wp\/v2\/media?parent=27"}],"curies":[{"name":"wp","href":"https:\/\/api.w.org\/{rel}","templated":true}]}}