{"id":283,"date":"2017-12-05T18:09:41","date_gmt":"2017-12-05T17:09:57","guid":{"rendered":"http:\/\/xbgwowyzyy.cyon.link\/?page_id=283"},"modified":"2018-02-02T14:27:07","modified_gmt":"2018-02-02T13:27:07","slug":"services","status":"publish","type":"page","link":"https:\/\/www.ximpulse.ch\/fr\/home-fr\/services\/","title":{"rendered":"Services"},"content":{"rendered":"<p>Voici ce que nous pouvons apporter :<\/p>\n<ul class=\"accordion\" data-accordion data-allow-all-closed=\"true\"><\/p>\n<p><li class='accordion-item' data-accordion-item><a id='001-accordion-01-heading' class='accordion-title' href='001-accordion-01'>Analyses et \u00e9valuations :<\/a><div id='001-accordion-01' class='accordion-content' data-tab-content><\/p>\n<ul>\n<li>Analyses politiques, analyses \u00e9conomico-politiques<\/li>\n<li>Analyse des parties prenantes<\/li>\n<li>Evaluation du contexte<\/li>\n<li>Analyse de conflit, \u00e9valuation de sensibilit\u00e9 aux conflits<\/li>\n<li>Evaluation des questions de genre<\/li>\n<li>Analyse des risques<\/li>\n<\/ul>\n<p><\/div><\/li><\/p>\n<p><li class='accordion-item' data-accordion-item><a id='001-accordion-02-heading' class='accordion-title' href='001-accordion-02'>Appui \u00e0 des processus :<\/a><div id='001-accordion-02' class='accordion-content' data-tab-content><\/p>\n<ul>\n<li>Conception de processus, en particulier les processus multicouches<\/li>\n<li>Facilitation d\u2019\u00e9v\u00e9nements de grands groupes<\/li>\n<li>M\u00e9diation et dialogue entre les diverses parties prenantes<\/li>\n<li>Interventions th\u00e9matiques tenant compte du contexte et des processus en cours<\/li>\n<li>Conseil sur les consultations et les approches participatives, soutien \u00e0 la n\u00e9gociation<\/li>\n<li>D\u00e9veloppement organisationnel et de r\u00e9seau<\/li>\n<li>Approches sensibles aux traumas<\/li>\n<\/ul>\n<p><\/div><\/li><\/p>\n<p><li class='accordion-item' data-accordion-item><a id='001-accordion-03-heading' class='accordion-title' href='001-accordion-03'>Conseils en gouvernance et r\u00e9formes constitutionnelles :<\/a><div id='001-accordion-03' class='accordion-content' data-tab-content><\/p>\n<ul>\n<li>Evaluation et conseil pour des textes juridiques et l\u00e9gislatif, en particulier de constitutions, accords de paix, documents de synth\u00e8se de processus de dialogue<\/li>\n<li>Evaluations, conseils et renforcement des capacit\u00e9s pour des approches en lien avec la bonne gouvernance, acc\u00e8s \u00e0 la justice, \u00e9galit\u00e9 des genres, droits humains, organisation d\u2019\u00e9tat incluant le conf\u00e9d\u00e9ralisme, le f\u00e9d\u00e9ralisme, la d\u00e9centralisation, le partage du pouvoir, l\u2019inclusion des groupes non-majoritaires<\/li>\n<li>D\u00e9veloppement d\u2019options de r\u00e9forme<\/li>\n<li>Soutien pour le d\u00e9veloppement de strat\u00e9gies gouvernementales, impl\u00e9mentation de mesures<\/li>\n<li>Soutien pour l\u2019\u00e9bauche de textes de loi et de dispositions l\u00e9gales<\/li>\n<li>Soutien aux parlements, au comit\u00e9s et secr\u00e9tariats parlementaires pour du travail l\u00e9gislatif, de surveillance ou de vulgarisation<\/li>\n<li>Renforcement des capacit\u00e9s pour des politiciens, des officiels gouvernementaux, des groupes de la soci\u00e9t\u00e9 civile et des partenaires de d\u00e9veloppement<\/li>\n<\/ul>\n<p><\/div><\/li><\/p>\n<p><li class='accordion-item' data-accordion-item><a id='001-accordion-04-heading' class='accordion-title' href='001-accordion-04'>Appui \u00e0 la gestion de projet et impl\u00e9mentation :<\/a><div id='001-accordion-04' class='accordion-content' data-tab-content><\/p>\n<ul>\n<li>Evaluation des risques et des besoins<\/li>\n<li>D\u00e9veloppement de la th\u00e9orie du changement, identification des indicateurs de r\u00e9sultat et des approches ax\u00e9e sur les r\u00e9sultats<\/li>\n<li>Conception et planification de programmes et de projets, gestion du cycle de projet<\/li>\n<li>Suivi, surveillance et \u00e9valuation de strat\u00e9gies, programmes et projet<\/li>\n<li>Gestion de projets sensibles aux conflits<\/li>\n<li>Appui th\u00e9matique et m\u00e9thodologique<\/li>\n<li>M\u00e9diation de conflits parmi ou entre des organisations, d\u00e9veloppement organisationnel, d\u00e9veloppement de l\u2019esprit d\u2019\u00e9quipe<\/li>\n<\/ul>\n<p><\/div><\/li><\/p>\n<p><li class='accordion-item' data-accordion-item><a id='001-accordion-05-heading' class='accordion-title' href='001-accordion-05'>Processus d\u2019apprentissage :<\/a><div id='001-accordion-05' class='accordion-content' data-tab-content><\/p>\n<ul>\n<li>Conception et processus centr\u00e9s sur l\u2019apprentissage individuel, par les pairs ou institutionnel, apprentissage par les r\u00e9seaux<\/li>\n<li>Facilitation de processus d\u2019apprentissage<\/li>\n<li>Contribution en tant qu\u2019expert \u00e0 des processus d\u2019apprentissage<\/li>\n<li>Enseignement, renforcement des capacit\u00e9s, d\u00e9veloppement des comp\u00e9tences, encadrement, supervision<\/li>\n<li>Soutien m\u00e9thodologique aux facilitateurs, formateurs et experts<\/li>\n<li>Analyse et documentation des apprentissages, d\u00e9veloppement des meilleures pratiques<\/li>\n<li>D\u00e9veloppement participatif de notes explicatives en tant que processus d\u2019apprentissage<\/li>\n<li>Outils Internet et apprentissage en ligne<\/li>\n<li>Organisation de voyages d\u2019\u00e9tudes en Suisse (sous la marque PolitExchange)<\/li>\n<\/ul>\n<p><\/div><\/li><\/p>\n<p><li class='accordion-item' data-accordion-item><a id='001-accordion-06-heading' class='accordion-title' href='001-accordion-06'>Analyses politiques et recherche appliqu\u00e9e<\/a><div id='001-accordion-06' class='accordion-content' data-tab-content><\/p>\n<ul>\n<li>Notes politiques et notes d\u2019orientation<\/li>\n<li>Documents informatifs et d\u2019aide \u00e0 la d\u00e9cision<\/li>\n<li>Etudes de cas<\/li>\n<li>Expos\u00e9s d\u2019options strat\u00e9giques<\/li>\n<li>Publications de recherche<\/li>\n<li>R\u00e9daction de discours<\/li>\n<\/ul>\n<p><\/div><\/li><\/p>\n<p><\/ul>\n<p>&nbsp;<\/p>\n<p><strong>Clients et partenaires<\/strong><\/p>\n<p>Nous collaborons avec une client\u00e8le ayant diff\u00e9rents r\u00f4les et fonctions\u00a0:<\/p>\n<ul>\n<li>Repr\u00e9sentants de l\u2019Etat avec des fonctions l\u00e9gislatives, ex\u00e9cutives, judiciaires et administratives<\/li>\n<li>Organisations non-gouvernementales, groupes d\u2019int\u00e9r\u00eats, organisations de la soci\u00e9t\u00e9 civile<\/li>\n<li>Donneurs bi- et multilat\u00e9raux<\/li>\n<li>Organisations internationales<\/li>\n<li>Acteurs du secteur priv\u00e9<\/li>\n<\/ul>\n<p>Nous travaillons avec diverses organisations et experts partenaires dans le but de fournir des services sur-mesure.<\/p>\n<p>&nbsp;<\/p>\n<p>&nbsp;<\/p>\n<p>&nbsp;<\/p>\n<p>&nbsp;<\/p>\n","protected":false},"excerpt":{"rendered":"<p>Voici ce que nous pouvons apporter : &nbsp; Clients et partenaires Nous collaborons avec une client\u00e8le ayant diff\u00e9rents r\u00f4les et fonctions\u00a0: Repr\u00e9sentants de l\u2019Etat avec des fonctions l\u00e9gislatives, ex\u00e9cutives, judiciaires et administratives Organisations non-gouvernementales, groupes d\u2019int\u00e9r\u00eats, organisations de la soci\u00e9t\u00e9 civile Donneurs bi- et multilat\u00e9raux Organisations internationales Acteurs du secteur priv\u00e9 Nous travaillons avec diverses<a class=\"excerpt-read-more\" href=\"https:\/\/www.ximpulse.ch\/fr\/home-fr\/services\/\" title=\"ReadServices\">&#8230; Read more &raquo;<\/a><\/p>\n","protected":false},"author":1,"featured_media":251,"parent":27,"menu_order":2,"comment_status":"closed","ping_status":"closed","template":"template-full-width.php","meta":{"_acf_changed":false,"footnotes":""},"acf":[],"_links":{"self":[{"href":"https:\/\/www.ximpulse.ch\/fr\/wp-json\/wp\/v2\/pages\/283"}],"collection":[{"href":"https:\/\/www.ximpulse.ch\/fr\/wp-json\/wp\/v2\/pages"}],"about":[{"href":"https:\/\/www.ximpulse.ch\/fr\/wp-json\/wp\/v2\/types\/page"}],"author":[{"embeddable":true,"href":"https:\/\/www.ximpulse.ch\/fr\/wp-json\/wp\/v2\/users\/1"}],"replies":[{"embeddable":true,"href":"https:\/\/www.ximpulse.ch\/fr\/wp-json\/wp\/v2\/comments?post=283"}],"version-history":[{"count":8,"href":"https:\/\/www.ximpulse.ch\/fr\/wp-json\/wp\/v2\/pages\/283\/revisions"}],"predecessor-version":[{"id":393,"href":"https:\/\/www.ximpulse.ch\/fr\/wp-json\/wp\/v2\/pages\/283\/revisions\/393"}],"up":[{"embeddable":true,"href":"https:\/\/www.ximpulse.ch\/fr\/wp-json\/wp\/v2\/pages\/27"}],"wp:featuredmedia":[{"embeddable":true,"href":"https:\/\/www.ximpulse.ch\/fr\/wp-json\/wp\/v2\/media\/251"}],"wp:attachment":[{"href":"https:\/\/www.ximpulse.ch\/fr\/wp-json\/wp\/v2\/media?parent=283"}],"curies":[{"name":"wp","href":"https:\/\/api.w.org\/{rel}","templated":true}]}}