{"id":288,"date":"2017-12-05T18:10:41","date_gmt":"2017-12-05T17:10:24","guid":{"rendered":"http:\/\/xbgwowyzyy.cyon.link\/home-fr\/team\/"},"modified":"2025-10-30T00:37:17","modified_gmt":"2025-10-29T23:37:17","slug":"team","status":"publish","type":"page","link":"https:\/\/www.ximpulse.ch\/fr\/home-fr\/team\/","title":{"rendered":"Team"},"content":{"rendered":"<div class=\"wp-block-image\">\n<figure class=\"alignleft\"><img loading=\"lazy\" decoding=\"async\" width=\"200\" height=\"300\" src=\"https:\/\/www.ximpulse.ch\/wp-content\/uploads\/2018\/01\/ES-2018-200x300.jpg\" alt=\"\" class=\"wp-image-365\" srcset=\"https:\/\/www.ximpulse.ch\/wp-content\/uploads\/2018\/01\/ES-2018-200x300.jpg 200w, https:\/\/www.ximpulse.ch\/wp-content\/uploads\/2018\/01\/ES-2018-768x1151.jpg 768w, https:\/\/www.ximpulse.ch\/wp-content\/uploads\/2018\/01\/ES-2018-683x1024.jpg 683w, https:\/\/www.ximpulse.ch\/wp-content\/uploads\/2018\/01\/ES-2018.jpg 1201w\" sizes=\"(max-width: 200px) 100vw, 200px\" \/><\/figure><\/div>\n\n\n<h2 class=\"wp-block-heading\"><strong> Dr. iur. Erika Schl\u00e4ppi<\/strong><\/h2>\n\n\n\n<p><strong>Expertise en Gouvernance et Droits humains<\/strong><br><strong>Phone&nbsp;+41 (0)79 430 13 39 \u2022 Email&nbsp;<a href=\"mailto:es@ximpulse.ch\">es@ximpulse.ch<\/a><\/strong><br>Dr iur. Erika Schl\u00e4ppi est avocate et experte-conseil dans le domaine des droits de l\u2019homme, des droits de la femme et de la gouvernance, en particulier dans les contextes de d\u00e9veloppement et de promotion de la paix. Ses connaissances d\u00e9coulent de diff\u00e9rentes perspectives professionnelles, dont la recherche universitaire, les politiques gouvernementales internationales, le plaidoyer non gouvernemental et de nombreuses ann\u00e9es de travail en tant que consultante.<\/p>\n\n\n\n<p><strong><a href=\"https:\/\/erikaschlaeppi.ch\" data-type=\"link\" data-id=\"https:\/\/erikaschlaeppi.ch\" target=\"_blank\" rel=\"noreferrer noopener\">Le Comit\u00e9 CEDEF, 2025\u20132028<\/a><\/strong><\/p>\n\n\n\n<p><strong><a href=\"https:\/\/www.ximpulse.ch\/wp-content\/uploads\/CVErikaSchlappi122024.pdf\" data-type=\"link\" data-id=\"https:\/\/www.ximpulse.ch\/wp-content\/uploads\/CVErikaSchlappi122024.pdf\">CV Dr. Erika Schl\u00e4ppi <\/a><\/strong><\/p>\n\n\n\n<hr class=\"wp-block-separator has-alpha-channel-opacity\"\/>\n\n\n<div class=\"wp-block-image\">\n<figure class=\"alignleft\"><img loading=\"lazy\" decoding=\"async\" width=\"200\" height=\"300\" src=\"https:\/\/www.ximpulse.ch\/wp-content\/uploads\/2018\/01\/UK-2018-200x300.jpg\" alt=\"\" class=\"wp-image-366\" srcset=\"https:\/\/www.ximpulse.ch\/wp-content\/uploads\/2018\/01\/UK-2018-200x300.jpg 200w, https:\/\/www.ximpulse.ch\/wp-content\/uploads\/2018\/01\/UK-2018-768x1151.jpg 768w, https:\/\/www.ximpulse.ch\/wp-content\/uploads\/2018\/01\/UK-2018-683x1024.jpg 683w, https:\/\/www.ximpulse.ch\/wp-content\/uploads\/2018\/01\/UK-2018.jpg 790w\" sizes=\"(max-width: 200px) 100vw, 200px\" \/><\/figure><\/div>\n\n\n<h2 class=\"wp-block-heading\"><strong>Dr. Techn. Ursula K\u00f6nig<\/strong><\/h2>\n\n\n\n<p><strong>Expertise en M\u00e9diation et Processus de transformation<\/strong><br><strong> Phone&nbsp;+41 (0)78 855 87 05 \u2022 Email&nbsp;<a href=\"mailto:uk@ximpulse.ch\">uk@ximpulse.ch<\/a><\/strong><br>Le Dr en sciences Ursula K\u00f6nig est une consultante et une m\u00e9diatrice ind\u00e9pendante. Ses services englobent un large \u00e9ventail de m\u00e9thodes constructives de transformation syst\u00e9mique de conflits \u00e9tablis et l\u2019\u00e9laboration et le suivi de processus de changement s\u2019adressant \u00e0 de petits et grands groupes. Son expertise sp\u00e9cifique se concentre sur des processus complexes \u00e0 multi-ayants droit, dans un environnement dynamique, politique et international. Elle est aussi active professionnellement aupr\u00e8s de <a href=\"https:\/\/topikpro.ch\" target=\"_blank\" rel=\"noreferrer noopener\">TopikPro<\/a>.<\/p>\n\n\n\n<p><strong><a href=\"https:\/\/www.ximpulse.ch\/wp-content\/uploads\/2018\/01\/CV_Ursula_Koenig.pdf\" target=\"_blank\" rel=\"noopener\">CV Dr. Techn. Ursula K\u00f6nig<\/a><\/strong><\/p>\n\n\n\n<hr class=\"wp-block-separator has-alpha-channel-opacity\"\/>\n\n\n<div class=\"wp-block-image\">\n<figure class=\"alignleft\"><img loading=\"lazy\" decoding=\"async\" width=\"200\" height=\"300\" src=\"https:\/\/www.ximpulse.ch\/wp-content\/uploads\/2018\/01\/NT-2018-200x300.jpg\" alt=\"\" class=\"wp-image-363\" srcset=\"https:\/\/www.ximpulse.ch\/wp-content\/uploads\/2018\/01\/NT-2018-200x300.jpg 200w, https:\/\/www.ximpulse.ch\/wp-content\/uploads\/2018\/01\/NT-2018-768x1151.jpg 768w, https:\/\/www.ximpulse.ch\/wp-content\/uploads\/2018\/01\/NT-2018-683x1024.jpg 683w, https:\/\/www.ximpulse.ch\/wp-content\/uploads\/2018\/01\/NT-2018.jpg 1201w\" sizes=\"(max-width: 200px) 100vw, 200px\" \/><\/figure><\/div>\n\n\n<h2 class=\"wp-block-heading\"><strong> Dr. iur. Nicole T\u00f6pperwien<\/strong><\/h2>\n\n\n\n<p><strong>Expertise and Impulse for State Organisation<\/strong><br><strong> Phone&nbsp;+41 (0)31 332 95 62 \u2022 Email&nbsp;<a href=\"mailto:nt@ximpulse.ch\">nt@ximpulse.ch<\/a><\/strong><\/p>\n\n\n\n<p>Le Dr en droit Nicole T\u00f6pperwien est une experte en divers aspects d\u2019organisation d\u2019Etat comme le f\u00e9d\u00e9ralisme, la d\u00e9centralisation, le partage du pouvoir et l\u2019inclusion de groupes non majoritaires, en particulier dans des contextes multiethniques et touch\u00e9s par des conflits. Elle appuie des processus de r\u00e9forme constitutionnelle, de paix et de gouvernance g\u00e9n\u00e9rale. Ses travaux acad\u00e9miques sur le constitutionalisme compar\u00e9 et les questions de construction d\u2019Etat lui ont permis de r\u00e9aliser de nombreux mandats pour des gouvernements, des partis politiques, des organisations gouvernementales et non gouvernementales.<\/p>\n\n\n\n<p>Depuis octobre 2018 Nicole&nbsp;T\u00f6pperwien est directrice \u00e0 Soliswiss \u2013 Coop\u00e9rative des Suisses \u00e0 l\u2019\u00e9tranger (<a href=\"http:\/\/www.soliswiss.ch\/\">www.soliswiss.ch<\/a>). Elle reste associ\u00e9e \u00e0 Ximpulse et appuie l\u2019\u00e9quipe dans les questions strat\u00e9giques et comme soutien technique.<\/p>\n\n\n\n<p><strong><a href=\"https:\/\/www.ximpulse.ch\/wp-content\/uploads\/CV-Nicole-T\u00f6pperwien.pdf\">CV Dr. iur. Nicole T\u00f6pperwien<\/a><\/strong><\/p>\n\n\n\n<hr class=\"wp-block-separator has-alpha-channel-opacity\"\/>\n\n\n\n<figure class=\"wp-block-image\"><img loading=\"lazy\" decoding=\"async\" width=\"1024\" height=\"658\" src=\"https:\/\/www.ximpulse.ch\/wp-content\/uploads\/2018\/01\/Team2018-1024x658.jpg\" alt=\"\" class=\"wp-image-367\" srcset=\"https:\/\/www.ximpulse.ch\/wp-content\/uploads\/2018\/01\/Team2018-1024x658.jpg 1024w, https:\/\/www.ximpulse.ch\/wp-content\/uploads\/2018\/01\/Team2018-300x193.jpg 300w, https:\/\/www.ximpulse.ch\/wp-content\/uploads\/2018\/01\/Team2018-768x494.jpg 768w\" sizes=\"(max-width: 1024px) 100vw, 1024px\" \/><\/figure>\n\n\n\n<p class=\"has-text-align-center\"><strong>We enjoy our work &#8211; and working together!<\/strong><\/p>\n\n\n\n<hr class=\"wp-block-separator has-alpha-channel-opacity\"\/>\n\n\n\n<h1 class=\"wp-block-heading\">Nos partenaires<\/h1>\n\n\n<div class=\"wp-block-image\">\n<figure class=\"alignleft is-resized\"><img loading=\"lazy\" decoding=\"async\" width=\"225\" height=\"300\" src=\"https:\/\/www.ximpulse.ch\/wp-content\/uploads\/Bild-Lena-225x300.jpg\" alt=\"\" class=\"wp-image-456\" style=\"width:209px;height:auto\" srcset=\"https:\/\/www.ximpulse.ch\/wp-content\/uploads\/Bild-Lena-225x300.jpg 225w, https:\/\/www.ximpulse.ch\/wp-content\/uploads\/Bild-Lena.jpg 240w\" sizes=\"(max-width: 225px) 100vw, 225px\" \/><\/figure><\/div>\n\n\n<h2 class=\"wp-block-heading\"><strong>Olena Krylova<\/strong><\/h2>\n\n\n\n<p><strong>Skype elena.krylova.mueller<\/strong><br><strong>Phone Switzerland +41 79 821 46 85<\/strong><br><strong>Ukraine +38 (68) 369 39 17<\/strong><br><strong>Email\u00a0<a href=\"mailto:lena.krylova@bluewin.ch\">lena.krylova@bluewin.ch<\/a>\u00a0<\/strong><\/p>\n\n\n\n<p>Olena Krylova has an MA in Governance and Development and is an expert on local governance, participatory development and citizen engagement, and decentralisation, particularly in the context of countries in transition. She specialises in governance issues in the former Soviet Union and Eastern European countries. She currently works as a part-time manager for the consultancy company DPI Development Partnership International GmbH (Bern, Switzerland).<\/p>\n\n\n\n<p><strong><a href=\"https:\/\/www.ximpulse.ch\/wp-content\/uploads\/CV-Olena-Krylova-Oct-2024.pdf\" target=\"_blank\" rel=\"noreferrer noopener\">CV Olena Krylova<\/a><\/strong><\/p>\n\n\n\n<hr class=\"wp-block-separator has-alpha-channel-opacity\"\/>\n\n\n<div class=\"wp-block-image\">\n<figure class=\"alignleft is-resized\"><img loading=\"lazy\" decoding=\"async\" width=\"222\" height=\"300\" src=\"https:\/\/www.ximpulse.ch\/wp-content\/uploads\/Bild-Cordula-e1651310088436-222x300.jpg\" alt=\"\" class=\"wp-image-458\" style=\"width:209px;height:auto\" srcset=\"https:\/\/www.ximpulse.ch\/wp-content\/uploads\/Bild-Cordula-e1651310088436-222x300.jpg 222w, https:\/\/www.ximpulse.ch\/wp-content\/uploads\/Bild-Cordula-e1651310088436.jpg 355w\" sizes=\"(max-width: 222px) 100vw, 222px\" \/><\/figure><\/div>\n\n\n<h2 class=\"wp-block-heading\"><strong>Dr. Cordula Reimann<\/strong><\/h2>\n\n\n\n<p><strong>Phone +41&nbsp;78 615 95 17 \u2022 Email&nbsp;<a href=\"mailto:cr@corechange.ch\">cr@corechange.ch<\/a><\/strong><br><strong><a href=\"http:\/\/www.corechange.ch\/\">www.corechange.ch,<\/a> <a href=\"http:\/\/www.corechange-coaching.ch\/\">www.corechange-coaching.ch<\/a><\/strong><\/p>\n\n\n\n<p>Dr. Cordula Reimann works as mediator, facilitator, trainer, consultant, and lecturer in the areas of conflict sensitivity, intercultural communication,&nbsp;strategizing in conflict transformation, gender, trauma, and organizational development. Cordula has worked extensively in South Asia and the Middle East. Cordula founded the consultancy and training firm \u201ccore\u201d and the coaching business \u201ccore change coaching\u201d (specializing &#8211; among other topics &#8211; in trauma, conflict &amp; communication, and aloneness\/loneliness).<\/p>\n\n\n\n<hr class=\"wp-block-separator has-alpha-channel-opacity\"\/>\n\n\n<div class=\"wp-block-image\">\n<figure class=\"alignleft is-resized\"><img loading=\"lazy\" decoding=\"async\" width=\"253\" height=\"341\" src=\"https:\/\/www.ximpulse.ch\/wp-content\/uploads\/Eva-Schmassmann-190901.jpg\" alt=\"\" class=\"wp-image-537\" style=\"width:207px;height:auto\" srcset=\"https:\/\/www.ximpulse.ch\/wp-content\/uploads\/Eva-Schmassmann-190901.jpg 253w, https:\/\/www.ximpulse.ch\/wp-content\/uploads\/Eva-Schmassmann-190901-223x300.jpg 223w\" sizes=\"(max-width: 253px) 100vw, 253px\" \/><\/figure><\/div>\n\n\n<h2 class=\"wp-block-heading\"><strong>Eva Schmassmann<\/strong><\/h2>\n\n\n\n<p><strong>Phone + 41 79 105 83 97<\/strong><br><strong>Email&nbsp;<a href=\"mailto:eva.schmassmann@plattformagenda2030.ch\">eva.schmassmann@plattformagenda2030.ch<\/a><\/strong><\/p>\n\n\n\n<p>Eva Schmassmann has a strong background in human rights advocacy and sustainable development. During her career, she was working with various civil society organisations. She participated in the Rio+20 conference in 2012 and was a CSO representative in the official Swiss delegation in the 2015 Financing for Development conference in Addis Abeba and in the Summit for sustainable develoment in New York.<\/p>\n\n\n\n<p><strong><a href=\"https:\/\/www.ximpulse.ch\/wp-content\/uploads\/EvaSchmassmann_20251028CV_en.pdf\" data-type=\"link\" data-id=\"https:\/\/www.ximpulse.ch\/wp-content\/uploads\/EvaSchmassmann_20251028CV_en.pdf\" target=\"_blank\" rel=\"noreferrer noopener\">CV_Eva Schmassmann<\/a><\/strong><\/p>\n\n\n\n<hr class=\"wp-block-separator has-alpha-channel-opacity\"\/>\n\n\n<div class=\"wp-block-image\">\n<figure class=\"alignleft is-resized\"><img loading=\"lazy\" decoding=\"async\" width=\"199\" height=\"300\" src=\"https:\/\/www.ximpulse.ch\/wp-content\/uploads\/Bild-199x300.jpg\" alt=\"\" class=\"wp-image-464\" style=\"width:206px;height:auto\" srcset=\"https:\/\/www.ximpulse.ch\/wp-content\/uploads\/Bild-199x300.jpg 199w, https:\/\/www.ximpulse.ch\/wp-content\/uploads\/Bild.jpg 233w\" sizes=\"(max-width: 199px) 100vw, 199px\" \/><\/figure><\/div>\n\n\n<h2 class=\"wp-block-heading\"><strong>Kelly Jane Bishop<\/strong><\/h2>\n\n\n\n<p><strong>Email&nbsp;<\/strong><a href=\"mailto:kelly.jane.bishop@gmail.com\"><strong>kelly.jane.bishop@gmail.com<\/strong><\/a><\/p>\n\n\n\n<p>Kelly Jane Bishop has a Master\u2019s Degree in Law and is a PhD student at the Institute for Public Law, University of Berne. She is also a research fellow at the Thematic Cluster Police and Justice at the Swiss Centre of Expertise in Human Rights (SCHR). She supports the Ximpulse team on various projects relating to human rights, acess to justice and participation.<\/p>\n\n\n\n<p><strong><a href=\"https:\/\/www.ximpulse.ch\/wp-content\/uploads\/CV_Kelly-Jane-Bishop-eng.pdf\">CV_Kelly Jane Bishop<\/a><\/strong><\/p>\n\n\n\n<hr class=\"wp-block-separator has-alpha-channel-opacity\"\/>\n\n\n<div class=\"wp-block-image\">\n<figure class=\"alignleft is-resized\"><img loading=\"lazy\" decoding=\"async\" width=\"220\" height=\"300\" src=\"https:\/\/www.ximpulse.ch\/wp-content\/uploads\/SimoneProdolliet-220x300.jpg\" alt=\"\" class=\"wp-image-545\" style=\"width:208px;height:auto\" srcset=\"https:\/\/www.ximpulse.ch\/wp-content\/uploads\/SimoneProdolliet-220x300.jpg 220w, https:\/\/www.ximpulse.ch\/wp-content\/uploads\/SimoneProdolliet.jpg 400w\" sizes=\"(max-width: 220px) 100vw, 220px\" \/><\/figure><\/div>\n\n\n<h2 class=\"wp-block-heading\"><strong>Dr. phil. Simone Prodolliet<\/strong><\/h2>\n\n\n\n<p><strong>Phone + 41 79 788 80 83 \u2022 Email&nbsp;<a href=\"mailto:simone.prodolliet@bluewin.ch\">simone.prodolliet@bluewin.ch<\/a><\/strong><\/p>\n\n\n\n<p>Simone Prodolliet holds a PhD in Social Anthropology. She worked for almost ten years for a nation-wide operating NGO in Switzerland before she became Managing Director of the Federal Commission on Migration in 2003. Since 2021 she is retired and works as a freelancer for different mandates in the field of migration, integration and human rights.<\/p>\n\n\n\n<p><\/p>\n\n\n\n<hr class=\"wp-block-separator has-alpha-channel-opacity\"\/>\n\n\n<div class=\"wp-block-image\">\n<figure class=\"alignleft is-resized\"><img loading=\"lazy\" decoding=\"async\" width=\"223\" height=\"300\" src=\"https:\/\/www.ximpulse.ch\/wp-content\/uploads\/VijithaFernandes-Veerakatty-223x300.png\" alt=\"\" class=\"wp-image-552\" style=\"width:210px;height:auto\" srcset=\"https:\/\/www.ximpulse.ch\/wp-content\/uploads\/VijithaFernandes-Veerakatty-223x300.png 223w, https:\/\/www.ximpulse.ch\/wp-content\/uploads\/VijithaFernandes-Veerakatty.png 253w\" sizes=\"(max-width: 223px) 100vw, 223px\" \/><\/figure><\/div>\n\n\n<h2 class=\"wp-block-heading\"><strong>Dr. iur. Vijitha Fernandes-Veerakatty<\/strong><\/h2>\n\n\n\n<p><strong>Email <a href=\"mailto:vv@ximpulse.ch\">vv@ximpulse.ch<\/a><\/strong><\/p>\n\n\n\n<p>Vijitha Fernandes-Veerakatty is an Attorney at Law and holds a PhD in international humanitarian law and a CAS in Peacebuilding. She is a legal advisor at the Federal Office of Justice in the field of European law and Schengen\/Dublin. She joined Ximpluse as a consultant in April 2022, providing a wide range of expertise, from local governance and federalism to international human rights protection and peacebuilding.<\/p>\n\n\n\n<p><strong><a href=\"https:\/\/www.ximpulse.ch\/wp-content\/uploads\/CV-VijithaFernandes-Veerakatty2023.pdf\" target=\"_blank\" rel=\"noopener\">CV Dr. iur. Vijitha Fernandes-Veerakatty<\/a><\/strong><\/p>\n\n\n\n<hr class=\"wp-block-separator has-alpha-channel-opacity\"\/>\n\n\n<div class=\"wp-block-image\">\n<figure class=\"alignleft is-resized\"><img loading=\"lazy\" decoding=\"async\" width=\"255\" height=\"300\" src=\"https:\/\/www.ximpulse.ch\/wp-content\/uploads\/BarbaraWeyermann-255x300.jpg\" alt=\"\" class=\"wp-image-903\" style=\"width:214px;height:auto\" srcset=\"https:\/\/www.ximpulse.ch\/wp-content\/uploads\/BarbaraWeyermann-255x300.jpg 255w, https:\/\/www.ximpulse.ch\/wp-content\/uploads\/BarbaraWeyermann.jpg 600w\" sizes=\"(max-width: 255px) 100vw, 255px\" \/><\/figure><\/div>\n\n\n<h2 class=\"wp-block-heading\"><strong>Barbara Weyermann<\/strong><\/h2>\n\n\n\n<p><strong>Phone +41 79 910 7467 \u2022 Email <a href=\"mailto:vv@ximpulse.ch\">barbara.weyermann@gmail.com<\/a><\/strong><\/p>\n\n\n\n<p>Barbara Weyermann is an expert consultant on women&rsquo;s rights, gender equality programming and the prevention of and protection from gender-based violence. A second area of her expertise is in trauma sensitive programming and mental health and psychosocial support (MHPSS). In addition, she has worked for many years on all aspects of labour migration, mainly between Asia and the Middle East.<\/p>\n\n\n\n<div class=\"page\" title=\"Page 1\">\n<div class=\"layoutArea\">\n<div class=\"column\">\n<p><strong style=\"font-size: revert;\"><a href=\"https:\/\/www.ximpulse.ch\/wp-content\/uploads\/CVBarbaraWeyermann_EN-1.pdf\" target=\"_blank\" rel=\"noopener\">CV Barbara Weyermann<\/a><\/strong><\/p>\n<\/div>\n<\/div>\n<\/div>\n\n\n\n<hr class=\"wp-block-separator has-alpha-channel-opacity\"\/>\n\n\n<div class=\"wp-block-image\">\n<figure class=\"alignleft size-full is-resized\"><img loading=\"lazy\" decoding=\"async\" width=\"600\" height=\"706\" src=\"https:\/\/www.ximpulse.ch\/wp-content\/uploads\/Dr_Nora_Refaeil.jpg\" alt=\"\" class=\"wp-image-1064\" style=\"width:209px;height:auto\" srcset=\"https:\/\/www.ximpulse.ch\/wp-content\/uploads\/Dr_Nora_Refaeil.jpg 600w, https:\/\/www.ximpulse.ch\/wp-content\/uploads\/Dr_Nora_Refaeil-255x300.jpg 255w\" sizes=\"(max-width: 600px) 100vw, 600px\" \/><\/figure><\/div>\n\n\n<h2 class=\"wp-block-heading\"><strong>Dr. Nora Refaeil<\/strong><\/h2>\n\n\n\n<p><strong>Phone +41 79 592 86 68<\/strong> \u2022 <strong>Email \u2022 <a href=\"mailto:nora.refaeil@gmail.com\">nora.refaeil@gmail.com<\/a><\/strong><\/p>\n\n\n\n<p>Dr. Nora Refaeil mediates in complex conflicts, designs and facilitates change and organizational development processes and works as a coach and trainer in Switzerland and internationally. A specific focus of her work contains systems change from an equity perspective. As an expert on dealing with the past and reconciliation, she advises governments, institutions, and civil society on a wide range of topics such as truth-telling, accountability, gender justice, reparations, institutional reform, and reconciliation. Nora Refaeil teaches at the Universities of Basel (Dealing with the Past and Reconciliation) and Bern (Academic Leadership, Conflict Management and Communication) and at various other institutions (e.g. Effective Advising in Complex Contexts, Interpeace). Nora is a Senior Associate for Interpeace Advisory Team (IPAT) in Geneva, and Vice-President of the National Commission against Racism elected by the Federal Council. Nora Refaeil is a lawyer and holds a doctorate from the University of Basel and an LL.M. from Columbia University in NY. Nora is also a partner at <a href=\"https:\/\/topikpro.ch\" target=\"_blank\" rel=\"noreferrer noopener\">TopikPro<\/a>.<\/p>\n\n\n\n<p><a href=\"https:\/\/www.ximpulse.ch\/wp-content\/uploads\/DrNoraRefaeil-CV.pdf\" target=\"_blank\" rel=\"noreferrer noopener\"><strong>CV Dr. Nora Refaeil<\/strong><\/a><\/p>\n\n\n\n<p><\/p>\n\n\n\n<p><\/p>\n\n\n\n<p><\/p>\n\n\n\n<p><\/p>\n\n\n\n<p><\/p>\n","protected":false},"excerpt":{"rendered":"<p>Dr. iur. Erika Schl\u00e4ppi Expertise en Gouvernance et Droits humainsPhone&nbsp;+41 (0)79 430 13 39 \u2022 Email&nbsp;es@ximpulse.chDr iur. Erika Schl\u00e4ppi est avocate et experte-conseil dans le domaine des droits de l\u2019homme, des droits de la femme et de la gouvernance, en particulier dans les contextes de d\u00e9veloppement et de promotion de la paix. Ses connaissances d\u00e9coulent<a class=\"excerpt-read-more\" href=\"https:\/\/www.ximpulse.ch\/fr\/home-fr\/team\/\" title=\"ReadTeam\">&#8230; Read more &raquo;<\/a><\/p>\n","protected":false},"author":1,"featured_media":246,"parent":27,"menu_order":3,"comment_status":"closed","ping_status":"closed","template":"template-full-width.php","meta":{"_acf_changed":false,"footnotes":""},"acf":[],"_links":{"self":[{"href":"https:\/\/www.ximpulse.ch\/fr\/wp-json\/wp\/v2\/pages\/288"}],"collection":[{"href":"https:\/\/www.ximpulse.ch\/fr\/wp-json\/wp\/v2\/pages"}],"about":[{"href":"https:\/\/www.ximpulse.ch\/fr\/wp-json\/wp\/v2\/types\/page"}],"author":[{"embeddable":true,"href":"https:\/\/www.ximpulse.ch\/fr\/wp-json\/wp\/v2\/users\/1"}],"replies":[{"embeddable":true,"href":"https:\/\/www.ximpulse.ch\/fr\/wp-json\/wp\/v2\/comments?post=288"}],"version-history":[{"count":62,"href":"https:\/\/www.ximpulse.ch\/fr\/wp-json\/wp\/v2\/pages\/288\/revisions"}],"predecessor-version":[{"id":1168,"href":"https:\/\/www.ximpulse.ch\/fr\/wp-json\/wp\/v2\/pages\/288\/revisions\/1168"}],"up":[{"embeddable":true,"href":"https:\/\/www.ximpulse.ch\/fr\/wp-json\/wp\/v2\/pages\/27"}],"wp:featuredmedia":[{"embeddable":true,"href":"https:\/\/www.ximpulse.ch\/fr\/wp-json\/wp\/v2\/media\/246"}],"wp:attachment":[{"href":"https:\/\/www.ximpulse.ch\/fr\/wp-json\/wp\/v2\/media?parent=288"}],"curies":[{"name":"wp","href":"https:\/\/api.w.org\/{rel}","templated":true}]}}