{"id":52,"date":"2017-12-05T18:09:29","date_gmt":"2017-12-05T17:09:29","guid":{"rendered":"http:\/\/xbgwowyzyy.cyon.link\/?page_id=52"},"modified":"2018-10-23T14:15:47","modified_gmt":"2018-10-23T12:15:47","slug":"about-us","status":"publish","type":"page","link":"https:\/\/www.ximpulse.ch\/fr\/home-fr\/about-us\/","title":{"rendered":"Portrait"},"content":{"rendered":"<p>Ximpulse est une \u00e9quipe d\u2019expertes ind\u00e9pendantes. Nous travaillons dans des pays en d\u00e9veloppement ou transition de m\u00eame qu\u2019en Suisse et en Europe. Nous soutenons les parties prenantes dans des processus de r\u00e9forme et de paix, souvent dans des contextes difficiles ou fragiles. Nos principaux domaines d\u2019expertise sont l\u2019organisation d\u2019Etat et le partage du pouvoir, la gouvernance, l\u2019acc\u00e8s \u00e0 la justice, les droits humains de m\u00eame que la m\u00e9diation et la transformation de conflits.<\/p>\n<p>Ximpulse est le d\u00e9positaire exclusif de la marque <a href=\"http:\/\/politexchange.ch\/index.php\/fr\/\">PolitExchange<\/a> \u2013 le centre de comp\u00e9tence de la <a href=\"https:\/\/hauptstadtregion.ch\/fr\/themes\/centre-politique\/\">R\u00e9gion capitale suisse<\/a> pour les voyages d\u2019\u00e9tude dans le domaine de la gouvernance. Sous la raison sociale de PolitExchange, nous concevons, organisons et encadrons des visites permettant \u00e0 des d\u00e9l\u00e9gations \u00e9trang\u00e8res de prendre connaissance de l\u2019exp\u00e9rience suisse en gouvernance, avec pour objectif de servir de source d\u2019inspiration et de base de r\u00e9flexion dans le cadre de r\u00e9formes.<\/p>\n<p><strong>Notre plus-value<\/strong><strong>\u00a0<\/strong><\/p>\n<ul>\n<li>Nous mettons notre expertise et notre exp\u00e9rience \u00e0 votre disposition pour vous accompagner et vous soutenir dans vos projets de r\u00e9forme. Nous pratiquons des approches sur-mesure et pragmatiques.<\/li>\n<li>Nous vous aidons \u00e0 g\u00e9rer la complexit\u00e9 et les contraintes de la vie r\u00e9elle, \u00e0 \u00e9valuer la dynamique et les diff\u00e9rents int\u00e9r\u00eats des parties prenantes, \u00e0 sortir des sentiers battus et \u00e0 g\u00e9rer les d\u00e9fis de mani\u00e8re constructive et durable.<\/li>\n<li>Nous nous assurons que vous disposez d&rsquo;informations claires sur les options et leurs impacts potentiels pour une prise de d\u00e9cision \u00e9clair\u00e9e. Nous vous aidons \u00e0 consid\u00e9rer vos d\u00e9fis sous diff\u00e9rents angles et \u00e0 identifier des approches appropri\u00e9es et r\u00e9alisables.<\/li>\n<li>Ximpulse dispose d&rsquo;experts chevronn\u00e9s ayant une longue exp\u00e9rience dans leur domaine et qui peuvent vous fournir la qualit\u00e9 de services dont vous avez besoin. Nous coop\u00e9rons et \u00e9changeons avec d&rsquo;autres sp\u00e9cialistes pour compl\u00e9ter notre expertise en cas de besoin.<\/li>\n<li>Nous connaissons les attentes et les perspectives des acteurs \u00e9tatiques et non \u00e9tatiques, des gouvernements et des partenaires de d\u00e9veloppement, ainsi que des r\u00e9seaux et des groupes de la soci\u00e9t\u00e9 civile. Nous nous adaptons \u00e0 diff\u00e9rents contextes, interlocuteurs et clients.<\/li>\n<li>La confidentialit\u00e9 est notre quotidien. Nous serons aussi invisibles que vous le souhaitez.<\/li>\n<\/ul>\n","protected":false},"excerpt":{"rendered":"<p>Ximpulse est une \u00e9quipe d\u2019expertes ind\u00e9pendantes. Nous travaillons dans des pays en d\u00e9veloppement ou transition de m\u00eame qu\u2019en Suisse et en Europe. Nous soutenons les parties prenantes dans des processus de r\u00e9forme et de paix, souvent dans des contextes difficiles ou fragiles. Nos principaux domaines d\u2019expertise sont l\u2019organisation d\u2019Etat et le partage du pouvoir, la<a class=\"excerpt-read-more\" href=\"https:\/\/www.ximpulse.ch\/fr\/home-fr\/about-us\/\" title=\"ReadPortrait\">&#8230; Read more &raquo;<\/a><\/p>\n","protected":false},"author":1,"featured_media":0,"parent":27,"menu_order":0,"comment_status":"closed","ping_status":"closed","template":"template-full-width.php","meta":{"_acf_changed":false,"footnotes":""},"acf":[],"_links":{"self":[{"href":"https:\/\/www.ximpulse.ch\/fr\/wp-json\/wp\/v2\/pages\/52"}],"collection":[{"href":"https:\/\/www.ximpulse.ch\/fr\/wp-json\/wp\/v2\/pages"}],"about":[{"href":"https:\/\/www.ximpulse.ch\/fr\/wp-json\/wp\/v2\/types\/page"}],"author":[{"embeddable":true,"href":"https:\/\/www.ximpulse.ch\/fr\/wp-json\/wp\/v2\/users\/1"}],"replies":[{"embeddable":true,"href":"https:\/\/www.ximpulse.ch\/fr\/wp-json\/wp\/v2\/comments?post=52"}],"version-history":[{"count":11,"href":"https:\/\/www.ximpulse.ch\/fr\/wp-json\/wp\/v2\/pages\/52\/revisions"}],"predecessor-version":[{"id":436,"href":"https:\/\/www.ximpulse.ch\/fr\/wp-json\/wp\/v2\/pages\/52\/revisions\/436"}],"up":[{"embeddable":true,"href":"https:\/\/www.ximpulse.ch\/fr\/wp-json\/wp\/v2\/pages\/27"}],"wp:attachment":[{"href":"https:\/\/www.ximpulse.ch\/fr\/wp-json\/wp\/v2\/media?parent=52"}],"curies":[{"name":"wp","href":"https:\/\/api.w.org\/{rel}","templated":true}]}}