{"id":937,"date":"2024-01-16T13:11:31","date_gmt":"2024-01-16T12:11:31","guid":{"rendered":"https:\/\/www.ximpulse.ch\/?page_id=937"},"modified":"2024-01-16T13:12:21","modified_gmt":"2024-01-16T12:12:21","slug":"declaration-de-confidentialite","status":"publish","type":"page","link":"https:\/\/www.ximpulse.ch\/fr\/declaration-de-confidentialite\/","title":{"rendered":"D\u00e9claration de confidentialit\u00e9"},"content":{"rendered":"\n<h1>\u00a0<\/h1>\n<h1>D\u00e9claration de confidentialit\u00e9<\/h1>\n<p>En acc\u00e9dant au site www.ximpulse.ch, vous acceptez la pr\u00e9sente d\u00e9claration de protection des donn\u00e9es. Si vous n&rsquo;\u00eates pas d&rsquo;accord avec les dispositions suivantes, veuillez quitter le site www.ximpulse.ch.<\/p>\n<h2>Champ d&rsquo;application et principes<\/h2>\n<p>La pr\u00e9sente d\u00e9claration de protection des donn\u00e9es informe les utilisateurs de ce site web, conform\u00e9ment aux dispositions applicables en mati\u00e8re de protection des donn\u00e9es, notamment la loi f\u00e9d\u00e9rale suisse sur la protection des donn\u00e9es du 25 septembre 2020 (loi sur la protection des donn\u00e9es, LPD), sur la nature, l&rsquo;\u00e9tendue et la finalit\u00e9 de la collecte et de l&rsquo;utilisation des donn\u00e9es \u00e0 caract\u00e8re personnel par Ximpulse S\u00e0rl.<\/p>\n<p>La protection de votre vie priv\u00e9e nous tient \u00e0 c\u0153ur. Nous traitons vos donn\u00e9es \u00e0 caract\u00e8re personnel de mani\u00e8re confidentielle et conform\u00e9ment aux dispositions l\u00e9gales en mati\u00e8re de protection des donn\u00e9es ainsi qu&rsquo;\u00e0 la pr\u00e9sente d\u00e9claration de protection des donn\u00e9es. En r\u00e8gle g\u00e9n\u00e9rale, l&rsquo;utilisation de notre site web est possible sans indication de donn\u00e9es \u00e0 caract\u00e8re personnel. Dans la mesure o\u00f9 des donn\u00e9es \u00e0 caract\u00e8re personnel (par exemple nom, adresse ou adresses e-mail) sont collect\u00e9es sur notre site, elles le sont sur une base volontaire. Ces donn\u00e9es sont en partie transmises \u00e0 des tiers conform\u00e9ment \u00e0 la pr\u00e9sente d\u00e9claration de protection des donn\u00e9es (voir plus bas). Nous attirons votre attention sur le fait que la transmission de donn\u00e9es sur Internet (par ex. lors de la communication par e-mail) peut pr\u00e9senter des failles de s\u00e9curit\u00e9. Une protection sans faille des donn\u00e9es contre l&rsquo;acc\u00e8s par des tiers n&rsquo;est pas possible.<\/p>\n<h2>Port\u00e9e et objectif de la collecte de donn\u00e9es<\/h2>\n<p>La consultation du site www.ximpulse.ch se fait sans indication de donn\u00e9es \u00e0 caract\u00e8re personnel. Toutefois, \u00e0 des fins statistiques, les donn\u00e9es suivantes peuvent \u00eatre collect\u00e9es lors de l&rsquo;acc\u00e8s au site : Site web visit\u00e9, heure du moment de l&rsquo;acc\u00e8s, quantit\u00e9 de donn\u00e9es envoy\u00e9es en octets, source (\u00e0 partir de laquelle vous avez acc\u00e9d\u00e9 au site), navigateur utilis\u00e9, syst\u00e8me d&rsquo;exploitation utilis\u00e9, adresse IP utilis\u00e9e. Les donn\u00e9es collect\u00e9es servent uniquement \u00e0 des \u00e9valuations statistiques et \u00e0 l&rsquo;am\u00e9lioration du site www.ximpulse.ch. En outre, l&rsquo;utilisation du site web est rendue possible (\u00e9tablissement de la connexion) et les donn\u00e9es collect\u00e9es servent \u00e0 la s\u00e9curit\u00e9 et \u00e0 la stabilit\u00e9 du syst\u00e8me. Une identification des utilisateurs du site web n&rsquo;a pas lieu. Ximpulse GmbH est en droit de v\u00e9rifier ult\u00e9rieurement les fichiers journaux du serveur s&rsquo;il existe des indices concrets d&rsquo;une utilisation ill\u00e9gale.<\/p>\n<h2>Nous traitons les donn\u00e9es \u00e0 caract\u00e8re personnel aux fins suivantes :<\/h2>\n<ul>\n<li>pour communiquer avec vous ;<\/li>\n<li>pour mettre \u00e0 la disposition de nos mandants les prestations de Ximpulse GmbH et pour les am\u00e9liorer ;<\/li>\n<li>pour assurer la gestion en rapport avec nos services ;<\/li>\n<li>pour assurer le marketing et la promotion de nos services, y compris l&rsquo;envoi de newsletters ou d&rsquo;invitations \u00e0 des \u00e9v\u00e9nements, d&rsquo;informations sur des publications et de mises \u00e0 jour sur nos services (sauf si vous vous y \u00eates oppos\u00e9, ce que vous pouvez faire \u00e0 tout moment) ;<\/li>\n<\/ul>\n<h2>Type de donn\u00e9es \u00e0 caract\u00e8re personnel<\/h2>\n<p>Les donn\u00e9es \u00e0 caract\u00e8re personnel sont toutes les informations qui permettent de vous identifier et qui peuvent \u00eatre retrac\u00e9es jusqu&rsquo;\u00e0 vous, comme par exemple votre nom, votre adresse e-mail ou votre num\u00e9ro de t\u00e9l\u00e9phone. Nous collectons et enregistrons vos donn\u00e9es \u00e0 caract\u00e8re personnel lorsque nous sommes en contact avec vous, par exemple lorsque vous communiquez avec nous et lorsque vous participez \u00e0 une r\u00e9union ou \u00e0 un \u00e9v\u00e9nement. Nous collectons ou cr\u00e9ons \u00e9galement des donn\u00e9es \u00e0 caract\u00e8re personnel dans le cadre de notre offre et prestations de services et lorsque nous obtenons des donn\u00e9es \u00e0 caract\u00e8re personnel d&rsquo;autres sources, afin de compl\u00e9ter et d&rsquo;actualiser les informations n\u00e9cessaires aux fins sus mentionn\u00e9es.<\/p>\n<h2>Traitement et protection des donn\u00e9es \u00e0 caract\u00e8re personnel<\/h2>\n<p>Si vous prenez contact avec nous par le biais des possibilit\u00e9s de contact propos\u00e9es, vos donn\u00e9es sont enregistr\u00e9es afin que nous puissions y avoir recours pour traiter et r\u00e9pondre \u00e0 votre demande. Nous appliquons des mesures de s\u00e9curit\u00e9 techniques et organisationnelles appropri\u00e9es afin de prot\u00e9ger les donn\u00e9es \u00e0 caract\u00e8re personnel contre tout acc\u00e8s non autoris\u00e9, toute utilisation abusive, toute perte ou destruction. Les donn\u00e9es \u00e0 caract\u00e8re personnel que nous collectons ne sont ni vendues ni partag\u00e9es avec des tiers.<\/p>\n<h2>Dur\u00e9e de conservation des donn\u00e9es \u00e0 caract\u00e8re personnel<\/h2>\n<p>Les donn\u00e9es \u00e0 caract\u00e8re personnel que vous avez saisies sont conserv\u00e9es dans la mesure o\u00f9 elles sont n\u00e9cessaires aux fins mentionn\u00e9es et o\u00f9 il existe une obligation l\u00e9gale de les conserver. Si des donn\u00e9es sont conserv\u00e9es, elles ne le sont qu&rsquo;aussi longtemps que cela est n\u00e9cessaire sur le plan juridique ou en fonction de la finalit\u00e9 du traitement.<\/p>\n<h2>Transmission de donn\u00e9es \u00e0 caract\u00e8re personnel<\/h2>\n<p>Nous pouvons transmettre vos donn\u00e9es \u00e0 caract\u00e8re personnel aux tiers de confiance suivants dans le cadre de la r\u00e9alisation de la finalit\u00e9 d\u00e9crite dans la pr\u00e9sente d\u00e9claration de confidentialit\u00e9 :<\/p>\n<ul>\n<li>les entreprises de services auxquelles nous sous-traitons certaines prestations d&rsquo;assistance pour les services de Ximpulse S\u00e0rl (par ex. services informatiques et comptabilit\u00e9) ;<\/li>\n<li>des tiers auxquels nous faisons appel, avec l&rsquo;accord pr\u00e9alable de nos mandants, pour l&rsquo;ex\u00e9cution de nos prestations (par exemple des consultants pour des clarifications partielles, des bureaux de traduction) ;<\/li>\n<li>les tiers impliqu\u00e9s dans la r\u00e9alisation ou l&rsquo;organisation de \u00e9v\u00e9nements (p. ex. fournisseurs de salles de conf\u00e9rence, h\u00f4tels).<\/li>\n<\/ul>\n<p>Les donn\u00e9es \u00e0 caract\u00e8re personnel peuvent \u00eatre transmises \u00e0 des tiers dans la mesure o\u00f9 cela est n\u00e9cessaire pour respecter les dispositions l\u00e9gales.<\/p>\n<p>Nous pouvons \u00e9galement transmettre vos donn\u00e9es \u00e0 caract\u00e8re personnel \u00e0 des destinataires \u00e0 l&rsquo;\u00e9tranger, y compris dans des pays qui ne garantissent pas un niveau de protection des donn\u00e9es \u00e9quivalent \u00e0 celui du droit suisse. Nous transmettrons des donn\u00e9es si et dans la mesure o\u00f9 cela est n\u00e9cessaire dans le cadre des services convenus et dans votre int\u00e9r\u00eat. \u00a0<\/p>\n<h2>Traitement des donn\u00e9es lors de l&rsquo;utilisation de notre site web ?<\/h2>\n<p>Lorsque vous utilisez notre site web, des cookies et des techniques comparables permettant d&rsquo;identifier votre navigateur ou votre appareil sont enregistr\u00e9s sur votre ordinateur. Les cookies sont de petits fichiers texte qui sont enregistr\u00e9s sur votre disque dur en fonction du navigateur que vous utilisez et qui nous permettent d&rsquo;obtenir certaines informations. Lorsque vous consultez \u00e0 nouveau ce site web, par exemple, nous pouvons ainsi vous reconna\u00eetre, m\u00eame si nous ne savons pas qui vous \u00eates. Les cookies ne peuvent pas ex\u00e9cuter de programmes ni transmettre de virus \u00e0 votre ordinateur. Ils servent \u00e0 rendre l&rsquo;offre Internet globalement plus conviviale et plus efficace. La plupart des navigateurs acceptent automatiquement les cookies. Vous pouvez toutefois configurer les param\u00e8tres de votre navigateur en fonction de vos pr\u00e9f\u00e9rences et, par exemple, refuser les cookies tiers ou tous les cookies. Nous attirons votre attention sur le fait que, dans ces cas, vous ne pourrez peut-\u00eatre pas utiliser toutes les fonctions de ce site web.<\/p>\n<h2>Droit d&rsquo;acc\u00e8s, d&rsquo;effacement, de rectification, de blocage de vos donn\u00e9es<\/h2>\n<p>Vous avez le droit d&rsquo;obtenir gratuitement des informations sur vos donn\u00e9es \u00e0 caract\u00e8re personnel enregistr\u00e9es, sur leur origine et leur destinataire et sur la finalit\u00e9 du traitement des donn\u00e9es, ainsi qu&rsquo;un droit de rectification, de blocage ou de suppression de ces donn\u00e9es. Pour cela, ainsi que pour toute autre question relative aux donn\u00e9es \u00e0 caract\u00e8re personnel, vous pouvez nous contacter \u00e0 tout moment. De la m\u00eame mani\u00e8re, vous faites valoir d&rsquo;\u00e9ventuels droits d&rsquo;opposition.<\/p>\n<h2>Responsabilit\u00e9<\/h2>\n<p>La soci\u00e9t\u00e9 Ximpulse S\u00e0rl, Kl\u00f6sterlistutz 16, case postale 645, 3000 Berne 8, Suisse, est responsable de vos donn\u00e9es \u00e0 caract\u00e8re personnel. Les r\u00e9f\u00e9rences dans cette d\u00e9claration de protection des donn\u00e9es \u00e0 Ximpulse, \u00ab\u00a0nous\u00a0\u00bb ou \u00ab\u00a0notre\u00a0\u00bb sont des r\u00e9f\u00e9rences \u00e0 Ximpulse GmbH.<\/p>\n<p>Nous vous prions d&rsquo;envoyer vos \u00e9ventuelles questions par e-mail \u00e0 Erika Schl\u00e4ppi, <a href=\"mailto:es@ximpulse.ch\">es@ximpulse.ch<\/a> ou par lettre recommand\u00e9e \u00e0 Ximpulse S\u00e0rl, Kl\u00f6sterlistutz 16, Case postale 645, 3000 Berne 8.<\/p>\n","protected":false},"excerpt":{"rendered":"<p>\u00a0 D\u00e9claration de confidentialit\u00e9 En acc\u00e9dant au site www.ximpulse.ch, vous acceptez la pr\u00e9sente d\u00e9claration de protection des donn\u00e9es. Si vous n&rsquo;\u00eates pas d&rsquo;accord avec les dispositions suivantes, veuillez quitter le site www.ximpulse.ch. Champ d&rsquo;application et principes La pr\u00e9sente d\u00e9claration de protection des donn\u00e9es informe les utilisateurs de ce site web, conform\u00e9ment aux dispositions applicables en<a class=\"excerpt-read-more\" href=\"https:\/\/www.ximpulse.ch\/fr\/declaration-de-confidentialite\/\" title=\"ReadD\u00e9claration de confidentialit\u00e9\">&#8230; Read more &raquo;<\/a><\/p>\n","protected":false},"author":1,"featured_media":0,"parent":0,"menu_order":0,"comment_status":"closed","ping_status":"closed","template":"template-full-width.php","meta":{"_acf_changed":false,"footnotes":""},"acf":[],"_links":{"self":[{"href":"https:\/\/www.ximpulse.ch\/fr\/wp-json\/wp\/v2\/pages\/937"}],"collection":[{"href":"https:\/\/www.ximpulse.ch\/fr\/wp-json\/wp\/v2\/pages"}],"about":[{"href":"https:\/\/www.ximpulse.ch\/fr\/wp-json\/wp\/v2\/types\/page"}],"author":[{"embeddable":true,"href":"https:\/\/www.ximpulse.ch\/fr\/wp-json\/wp\/v2\/users\/1"}],"replies":[{"embeddable":true,"href":"https:\/\/www.ximpulse.ch\/fr\/wp-json\/wp\/v2\/comments?post=937"}],"version-history":[{"count":3,"href":"https:\/\/www.ximpulse.ch\/fr\/wp-json\/wp\/v2\/pages\/937\/revisions"}],"predecessor-version":[{"id":941,"href":"https:\/\/www.ximpulse.ch\/fr\/wp-json\/wp\/v2\/pages\/937\/revisions\/941"}],"wp:attachment":[{"href":"https:\/\/www.ximpulse.ch\/fr\/wp-json\/wp\/v2\/media?parent=937"}],"curies":[{"name":"wp","href":"https:\/\/api.w.org\/{rel}","templated":true}]}}